{"id":12,"date":"2020-01-21T22:47:14","date_gmt":"2020-01-21T22:47:14","guid":{"rendered":"http:\/\/wp.forstbetrieb-becker.de\/?page_id=12"},"modified":"2025-10-02T09:16:08","modified_gmt":"2025-10-02T09:16:08","slug":"impressum","status":"publish","type":"page","link":"https:\/\/forstbetrieb-becker.de\/?page_id=12","title":{"rendered":"Impressum"},"content":{"rendered":"\n<p>Verantwortlich im redaktionellen wie im rechtlichen Sinn (Anbieter \ngem\u00e4\u00df \u00a76 MDStV) ist Forstbetrieb Frank Becker, der zugleich auch als \nVertretungsberechtigter (V.i.S.d.M.) fungiert. Trotz sorgf\u00e4ltiger \ninhaltlicher Kontrolle \u00fcbernehmen wir keine Haftung f\u00fcr die Inhalte \nexterner Links. F\u00fcr den Inhalt der verlinkten Seiten sind ausschlie\u00dflich\n deren Betreiber verantwortlich.<\/p>\n\n\n\n<p>Forstbetrieb<br>Frank Becker<\/p>\n\n\n\n<p>USt-IdNR: DE112926279<\/p>\n\n\n\n<p>Alt Wahlershausen 4<br>34131 Kassel<\/p>\n\n\n\n<p>Telefon: 0561 314871<br>Telefax: 0561 315780<\/p>\n\n\n\n<p>E-Mail: <a href=\"mailto:info@forstbetrieb-becker.de\">info@forstbetrieb-becker.de<\/a><br><a href=\"http:\/\/www.forstbetrieb-becker.de\">www.forstbetrieb-becker.de<\/a><\/p>\n","protected":false},"excerpt":{"rendered":"<p>Verantwortlich im redaktionellen wie im rechtlichen Sinn (Anbieter gem\u00e4\u00df \u00a76 MDStV) ist Forstbetrieb Frank Becker, der zugleich auch als Vertretungsberechtigter (V.i.S.d.M.) fungiert. Trotz sorgf\u00e4ltiger inhaltlicher Kontrolle \u00fcbernehmen wir keine Haftung f\u00fcr die Inhalte externer Links. F\u00fcr den Inhalt der verlinkten Seiten sind ausschlie\u00dflich deren Betreiber verantwortlich. ForstbetriebFrank Becker USt-IdNR: DE112926279 Alt Wahlershausen 434131 Kassel Telefon:&hellip;&nbsp;<a href=\"https:\/\/forstbetrieb-becker.de\/?page_id=12\" rel=\"bookmark\">Weiterlesen &raquo;<span class=\"screen-reader-text\">Impressum<\/span><\/a><\/p>\n","protected":false},"author":1,"featured_media":0,"parent":0,"menu_order":0,"comment_status":"closed","ping_status":"closed","template":"","meta":{"neve_meta_sidebar":"","neve_meta_container":"","neve_meta_enable_content_width":"","neve_meta_content_width":0,"neve_meta_title_alignment":"","neve_meta_author_avatar":"","neve_post_elements_order":"","neve_meta_disable_header":"","neve_meta_disable_footer":"","neve_meta_disable_title":"","_themeisle_gutenberg_block_has_review":false,"footnotes":""},"class_list":["post-12","page","type-page","status-publish","hentry"],"_links":{"self":[{"href":"https:\/\/forstbetrieb-becker.de\/index.php?rest_route=\/wp\/v2\/pages\/12","targetHints":{"allow":["GET"]}}],"collection":[{"href":"https:\/\/forstbetrieb-becker.de\/index.php?rest_route=\/wp\/v2\/pages"}],"about":[{"href":"https:\/\/forstbetrieb-becker.de\/index.php?rest_route=\/wp\/v2\/types\/page"}],"author":[{"embeddable":true,"href":"https:\/\/forstbetrieb-becker.de\/index.php?rest_route=\/wp\/v2\/users\/1"}],"replies":[{"embeddable":true,"href":"https:\/\/forstbetrieb-becker.de\/index.php?rest_route=%2Fwp%2Fv2%2Fcomments&post=12"}],"version-history":[{"count":2,"href":"https:\/\/forstbetrieb-becker.de\/index.php?rest_route=\/wp\/v2\/pages\/12\/revisions"}],"predecessor-version":[{"id":50,"href":"https:\/\/forstbetrieb-becker.de\/index.php?rest_route=\/wp\/v2\/pages\/12\/revisions\/50"}],"wp:attachment":[{"href":"https:\/\/forstbetrieb-becker.de\/index.php?rest_route=%2Fwp%2Fv2%2Fmedia&parent=12"}],"curies":[{"name":"wp","href":"https:\/\/api.w.org\/{rel}","templated":true}]}}